{"id":622,"date":"2025-03-31T14:38:07","date_gmt":"2025-03-31T12:38:07","guid":{"rendered":"https:\/\/www.lessoinsdecharlotte.be\/?page_id=622"},"modified":"2025-09-21T17:41:00","modified_gmt":"2025-09-21T15:41:00","slug":"infos-et-horaires","status":"publish","type":"page","link":"https:\/\/www.lessoinsdecharlotte.be\/index.php\/infos-et-horaires\/","title":{"rendered":"Infos et Horaires"},"content":{"rendered":"<div class=\"wpb-content-wrapper\"><p>[vc_row][vc_column width=&#8221;1\/1&#8243;][vc_custom_heading text_font=&#8221;font-198853&#8243; uncode_shortcode_id=&#8221;175854&#8243;]Horaires de l&#8217;institut[\/vc_custom_heading][vc_column_text text_color=&#8221;color-202456&#8243; uncode_shortcode_id=&#8221;210235&#8243; text_color_type=&#8221;uncode-palette&#8221;]<\/p>\n<ul>\n<li>Lundi: 9h \u00e0 19h<\/li>\n<li>Mardi: 9h \u00e0 19h<\/li>\n<li>Mercredi: 9h \u00e0 18h<\/li>\n<li>Jeudi: 9h \u00e0 19h<\/li>\n<li>Vendredi: 9h \u00e0 19h<\/li>\n<li>Samedi: 9h \u00e0 14h (ferm\u00e9 un samedi sur deux)<\/li>\n<li>Dimanche: ferm\u00e9<\/li>\n<\/ul>\n<p>[\/vc_column_text][vc_custom_heading text_font=&#8221;font-198853&#8243; uncode_shortcode_id=&#8221;215269&#8243;]Conditions g\u00e9n\u00e9rales de vente[\/vc_custom_heading][vc_column_text text_color=&#8221;color-202456&#8243; uncode_shortcode_id=&#8221;181361&#8243; text_color_type=&#8221;uncode-palette&#8221;]Je vous communique que je r\u00e9serve mon temps pour votre rendez-vous; si vous ne pouvez l&#8217;honorer (peu importe la raison impr\u00e9vue), il sera\u00a0<strong>d\u00fb<\/strong>; \u00e0 moins d&#8217;\u00eatre <strong>annul\u00e9\/postpos\u00e9<\/strong> ou <strong>modifi\u00e9<\/strong> au niveau des soins au <strong>minimum vraies 24h \u00e0 l&#8217;avance<\/strong> (jour ouvrable).<br \/>\nMerci de votre compr\u00e9hension.[\/vc_column_text][\/vc_column][\/vc_row][vc_row][vc_column][uncode_block id=&#8221;146&#8243;][\/vc_column][\/vc_row]<\/p>\n<\/div>","protected":false},"excerpt":{"rendered":"<p>[vc_row][vc_column width=&#8221;1\/1&#8243;][vc_custom_heading text_font=&#8221;font-198853&#8243; uncode_shortcode_id=&#8221;175854&#8243;]Horaires de l&#8217;institut[\/vc_custom_heading][vc_column_text text_color=&#8221;color-202456&#8243; uncode_shortcode_id=&#8221;210235&#8243; text_color_type=&#8221;uncode-palette&#8221;] Lundi: 9h \u00e0 19h Mardi: 9h \u00e0 19h Mercredi: 9h \u00e0 [&hellip;]<\/p>\n","protected":false},"author":2,"featured_media":0,"parent":0,"menu_order":0,"comment_status":"closed","ping_status":"closed","template":"","meta":{"footnotes":""},"class_list":["post-622","page","type-page","status-publish","hentry"],"yoast_head":"<!-- This site is optimized with the Yoast SEO plugin v27.5 - https:\/\/yoast.com\/product\/yoast-seo-wordpress\/ -->\n<title>Infos et Horaires - Les Soins de Charlotte<\/title>\n<meta name=\"robots\" content=\"index, follow, max-snippet:-1, max-image-preview:large, max-video-preview:-1\" \/>\n<link rel=\"canonical\" href=\"https:\/\/www.lessoinsdecharlotte.be\/index.php\/infos-et-horaires\/\" \/>\n<meta property=\"og:locale\" content=\"en_US\" \/>\n<meta property=\"og:type\" content=\"article\" \/>\n<meta property=\"og:title\" content=\"Infos et Horaires - Les Soins de Charlotte\" \/>\n<meta property=\"og:description\" content=\"[vc_row][vc_column width=&#8221;1\/1&#8243;][vc_custom_heading text_font=&#8221;font-198853&#8243; uncode_shortcode_id=&#8221;175854&#8243;]Horaires de l&#8217;institut[\/vc_custom_heading][vc_column_text text_color=&#8221;color-202456&#8243; uncode_shortcode_id=&#8221;210235&#8243; text_color_type=&#8221;uncode-palette&#8221;] Lundi: 9h \u00e0 19h Mardi: 9h \u00e0 19h Mercredi: 9h \u00e0 [&hellip;]\" \/>\n<meta property=\"og:url\" content=\"https:\/\/www.lessoinsdecharlotte.be\/index.php\/infos-et-horaires\/\" \/>\n<meta property=\"og:site_name\" content=\"Les Soins de Charlotte\" \/>\n<meta property=\"article:publisher\" content=\"https:\/\/www.facebook.com\/LesSoinsDeCharlotte\/\" \/>\n<meta property=\"article:modified_time\" content=\"2025-09-21T15:41:00+00:00\" \/>\n<meta name=\"twitter:card\" content=\"summary_large_image\" \/>\n<meta name=\"twitter:label1\" content=\"Est. reading time\" \/>\n\t<meta name=\"twitter:data1\" content=\"1 minute\" \/>\n<script type=\"application\/ld+json\" class=\"yoast-schema-graph\">{\"@context\":\"https:\\\/\\\/schema.org\",\"@graph\":[{\"@type\":\"WebPage\",\"@id\":\"https:\\\/\\\/www.lessoinsdecharlotte.be\\\/index.php\\\/infos-et-horaires\\\/\",\"url\":\"https:\\\/\\\/www.lessoinsdecharlotte.be\\\/index.php\\\/infos-et-horaires\\\/\",\"name\":\"Infos et Horaires - Les Soins de Charlotte\",\"isPartOf\":{\"@id\":\"https:\\\/\\\/www.lessoinsdecharlotte.be\\\/#website\"},\"datePublished\":\"2025-03-31T12:38:07+00:00\",\"dateModified\":\"2025-09-21T15:41:00+00:00\",\"breadcrumb\":{\"@id\":\"https:\\\/\\\/www.lessoinsdecharlotte.be\\\/index.php\\\/infos-et-horaires\\\/#breadcrumb\"},\"inLanguage\":\"en-US\",\"potentialAction\":[{\"@type\":\"ReadAction\",\"target\":[\"https:\\\/\\\/www.lessoinsdecharlotte.be\\\/index.php\\\/infos-et-horaires\\\/\"]}]},{\"@type\":\"BreadcrumbList\",\"@id\":\"https:\\\/\\\/www.lessoinsdecharlotte.be\\\/index.php\\\/infos-et-horaires\\\/#breadcrumb\",\"itemListElement\":[{\"@type\":\"ListItem\",\"position\":1,\"name\":\"Home\",\"item\":\"https:\\\/\\\/www.lessoinsdecharlotte.be\\\/\"},{\"@type\":\"ListItem\",\"position\":2,\"name\":\"Infos et Horaires\"}]},{\"@type\":\"WebSite\",\"@id\":\"https:\\\/\\\/www.lessoinsdecharlotte.be\\\/#website\",\"url\":\"https:\\\/\\\/www.lessoinsdecharlotte.be\\\/\",\"name\":\"Les Soins de Charlotte\",\"description\":\"Espace de soins \u00e0 Genval\",\"publisher\":{\"@id\":\"https:\\\/\\\/www.lessoinsdecharlotte.be\\\/#organization\"},\"potentialAction\":[{\"@type\":\"SearchAction\",\"target\":{\"@type\":\"EntryPoint\",\"urlTemplate\":\"https:\\\/\\\/www.lessoinsdecharlotte.be\\\/?s={search_term_string}\"},\"query-input\":{\"@type\":\"PropertyValueSpecification\",\"valueRequired\":true,\"valueName\":\"search_term_string\"}}],\"inLanguage\":\"en-US\"},{\"@type\":\"Organization\",\"@id\":\"https:\\\/\\\/www.lessoinsdecharlotte.be\\\/#organization\",\"name\":\"Les Soins de Charlotte\",\"url\":\"https:\\\/\\\/www.lessoinsdecharlotte.be\\\/\",\"logo\":{\"@type\":\"ImageObject\",\"inLanguage\":\"en-US\",\"@id\":\"https:\\\/\\\/www.lessoinsdecharlotte.be\\\/#\\\/schema\\\/logo\\\/image\\\/\",\"url\":\"https:\\\/\\\/www.lessoinsdecharlotte.be\\\/wp-content\\\/uploads\\\/2022\\\/11\\\/Logo-noBG-TxtHoriz-e1668848402505.png\",\"contentUrl\":\"https:\\\/\\\/www.lessoinsdecharlotte.be\\\/wp-content\\\/uploads\\\/2022\\\/11\\\/Logo-noBG-TxtHoriz-e1668848402505.png\",\"width\":500,\"height\":175,\"caption\":\"Les Soins de Charlotte\"},\"image\":{\"@id\":\"https:\\\/\\\/www.lessoinsdecharlotte.be\\\/#\\\/schema\\\/logo\\\/image\\\/\"},\"sameAs\":[\"https:\\\/\\\/www.facebook.com\\\/LesSoinsDeCharlotte\\\/\",\"https:\\\/\\\/www.instagram.com\\\/les_soins_de_charlotte\\\/?hl=fr\"]}]}<\/script>\n<!-- \/ Yoast SEO plugin. -->","yoast_head_json":{"title":"Infos et Horaires - Les Soins de Charlotte","robots":{"index":"index","follow":"follow","max-snippet":"max-snippet:-1","max-image-preview":"max-image-preview:large","max-video-preview":"max-video-preview:-1"},"canonical":"https:\/\/www.lessoinsdecharlotte.be\/index.php\/infos-et-horaires\/","og_locale":"en_US","og_type":"article","og_title":"Infos et Horaires - Les Soins de Charlotte","og_description":"[vc_row][vc_column width=&#8221;1\/1&#8243;][vc_custom_heading text_font=&#8221;font-198853&#8243; uncode_shortcode_id=&#8221;175854&#8243;]Horaires de l&#8217;institut[\/vc_custom_heading][vc_column_text text_color=&#8221;color-202456&#8243; uncode_shortcode_id=&#8221;210235&#8243; text_color_type=&#8221;uncode-palette&#8221;] Lundi: 9h \u00e0 19h Mardi: 9h \u00e0 19h Mercredi: 9h \u00e0 [&hellip;]","og_url":"https:\/\/www.lessoinsdecharlotte.be\/index.php\/infos-et-horaires\/","og_site_name":"Les Soins de Charlotte","article_publisher":"https:\/\/www.facebook.com\/LesSoinsDeCharlotte\/","article_modified_time":"2025-09-21T15:41:00+00:00","twitter_card":"summary_large_image","twitter_misc":{"Est. reading time":"1 minute"},"schema":{"@context":"https:\/\/schema.org","@graph":[{"@type":"WebPage","@id":"https:\/\/www.lessoinsdecharlotte.be\/index.php\/infos-et-horaires\/","url":"https:\/\/www.lessoinsdecharlotte.be\/index.php\/infos-et-horaires\/","name":"Infos et Horaires - Les Soins de Charlotte","isPartOf":{"@id":"https:\/\/www.lessoinsdecharlotte.be\/#website"},"datePublished":"2025-03-31T12:38:07+00:00","dateModified":"2025-09-21T15:41:00+00:00","breadcrumb":{"@id":"https:\/\/www.lessoinsdecharlotte.be\/index.php\/infos-et-horaires\/#breadcrumb"},"inLanguage":"en-US","potentialAction":[{"@type":"ReadAction","target":["https:\/\/www.lessoinsdecharlotte.be\/index.php\/infos-et-horaires\/"]}]},{"@type":"BreadcrumbList","@id":"https:\/\/www.lessoinsdecharlotte.be\/index.php\/infos-et-horaires\/#breadcrumb","itemListElement":[{"@type":"ListItem","position":1,"name":"Home","item":"https:\/\/www.lessoinsdecharlotte.be\/"},{"@type":"ListItem","position":2,"name":"Infos et Horaires"}]},{"@type":"WebSite","@id":"https:\/\/www.lessoinsdecharlotte.be\/#website","url":"https:\/\/www.lessoinsdecharlotte.be\/","name":"Les Soins de Charlotte","description":"Espace de soins \u00e0 Genval","publisher":{"@id":"https:\/\/www.lessoinsdecharlotte.be\/#organization"},"potentialAction":[{"@type":"SearchAction","target":{"@type":"EntryPoint","urlTemplate":"https:\/\/www.lessoinsdecharlotte.be\/?s={search_term_string}"},"query-input":{"@type":"PropertyValueSpecification","valueRequired":true,"valueName":"search_term_string"}}],"inLanguage":"en-US"},{"@type":"Organization","@id":"https:\/\/www.lessoinsdecharlotte.be\/#organization","name":"Les Soins de Charlotte","url":"https:\/\/www.lessoinsdecharlotte.be\/","logo":{"@type":"ImageObject","inLanguage":"en-US","@id":"https:\/\/www.lessoinsdecharlotte.be\/#\/schema\/logo\/image\/","url":"https:\/\/www.lessoinsdecharlotte.be\/wp-content\/uploads\/2022\/11\/Logo-noBG-TxtHoriz-e1668848402505.png","contentUrl":"https:\/\/www.lessoinsdecharlotte.be\/wp-content\/uploads\/2022\/11\/Logo-noBG-TxtHoriz-e1668848402505.png","width":500,"height":175,"caption":"Les Soins de Charlotte"},"image":{"@id":"https:\/\/www.lessoinsdecharlotte.be\/#\/schema\/logo\/image\/"},"sameAs":["https:\/\/www.facebook.com\/LesSoinsDeCharlotte\/","https:\/\/www.instagram.com\/les_soins_de_charlotte\/?hl=fr"]}]}},"jetpack_sharing_enabled":true,"_links":{"self":[{"href":"https:\/\/www.lessoinsdecharlotte.be\/index.php\/wp-json\/wp\/v2\/pages\/622","targetHints":{"allow":["GET"]}}],"collection":[{"href":"https:\/\/www.lessoinsdecharlotte.be\/index.php\/wp-json\/wp\/v2\/pages"}],"about":[{"href":"https:\/\/www.lessoinsdecharlotte.be\/index.php\/wp-json\/wp\/v2\/types\/page"}],"author":[{"embeddable":true,"href":"https:\/\/www.lessoinsdecharlotte.be\/index.php\/wp-json\/wp\/v2\/users\/2"}],"replies":[{"embeddable":true,"href":"https:\/\/www.lessoinsdecharlotte.be\/index.php\/wp-json\/wp\/v2\/comments?post=622"}],"version-history":[{"count":10,"href":"https:\/\/www.lessoinsdecharlotte.be\/index.php\/wp-json\/wp\/v2\/pages\/622\/revisions"}],"predecessor-version":[{"id":670,"href":"https:\/\/www.lessoinsdecharlotte.be\/index.php\/wp-json\/wp\/v2\/pages\/622\/revisions\/670"}],"wp:attachment":[{"href":"https:\/\/www.lessoinsdecharlotte.be\/index.php\/wp-json\/wp\/v2\/media?parent=622"}],"curies":[{"name":"wp","href":"https:\/\/api.w.org\/{rel}","templated":true}]}}